{"id":377,"date":"2021-11-10T23:03:17","date_gmt":"2021-11-10T23:03:17","guid":{"rendered":"http:\/\/www.hitmaschin.at\/?page_id=377"},"modified":"2022-11-07T13:25:06","modified_gmt":"2022-11-07T13:25:06","slug":"abendunterhaltung","status":"publish","type":"page","link":"https:\/\/www.hitmaschin.at\/?page_id=377","title":{"rendered":""},"content":{"rendered":"<div class=\"vce-row-container\"><div class=\"vce-row vce-row--col-gap-30 vce-row-columns--top vce-row-content--top\" id=\"el-c4eb5ff3\" data-vce-do-apply=\"all el-c4eb5ff3\"><div class=\"vce-row-content\" data-vce-element-content=\"true\"><div class=\"vce-col vce-col--md-auto vce-col--xs-1 vce-col--xs-last vce-col--xs-first vce-col--sm-last vce-col--sm-first vce-col--md-last vce-col--lg-last vce-col--xl-last vce-col--md-first vce-col--lg-first vce-col--xl-first\" id=\"el-cb575d6a\"><div class=\"vce-col-inner\" data-vce-do-apply=\"border margin background  el-cb575d6a\"><div class=\"vce-col-content\" data-vce-element-content=\"true\" data-vce-do-apply=\"padding el-cb575d6a\"><div class=\"vce-text-block\"><div class=\"vce-text-block-wrapper vce\" id=\"el-24047022\" data-vce-do-apply=\"all el-24047022\"><h4 style=\"text-align: center;\"><span style=\"font-family: 'andale mono', monospace; font-size: 33pt; font-weight: bold; font-style: normal; color: #ff0000;\"><strong>Abendunterhaltung<\/strong><\/span><\/h4><h4>Grunds\u00e4tzlich sind wir Dienstleister und bieten folgende Standards:<\/h4><ul><li>sehr umfangreiches <a href=\"https:\/\/www.hitmaschin.at\/?page_id=498\">Songprogramm<\/a> mit absoluten Klassikern, die auf keiner Hochzeit fehlen d\u00fcrfen<\/li><li>Er\u00f6ffnungstanz (Wunschtitel)<\/li><li>musikalische Umrahmung des Brauttortenanschnitts<\/li><li>Tanzparade<\/li><li><a href=\"https:\/\/www.youtube.com\/watch?v=gpchG3jdxWw&amp;t=2s\">Party und Stimmung<\/a><\/li><li><a href=\"https:\/\/www.youtube.com\/watch?v=WX3sCsptYr8\">Polonaise<\/a><\/li><li><a href=\"https:\/\/www.youtube.com\/watch?v=RDP20dpfJGM\">Standardt\u00e4nze<\/a><\/li><li><a href=\"https:\/\/www.youtube.com\/watch?v=dEskuVNqnto\">akustisches Set<\/a> (ev. drau\u00dfen bei Sch\u00f6nwetter)<\/li><li>traditionelle Songs (bei diversen Ritualen)<\/li><li>Brautstehlen (mit Akustikgitarre)<\/li><li>Moderation (Brautstrau\u00dfwurf, Strumpfbandversteigerung, etc.)<\/li><li>Abschlusstanz (Wunschtitel)<\/li><li>Hintergrundmusik vor und nach dem Auftritt (Playlist)<\/li><\/ul><\/div><\/div><\/div><\/div><\/div><\/div><\/div><\/div><div class=\"vce-row-container\"><div class=\"vce-row vce-row--col-gap-30 vce-row-columns--top vce-row-content--top\" id=\"el-4173cf5f\" data-vce-do-apply=\"all el-4173cf5f\"><div class=\"vce-row-content\" data-vce-element-content=\"true\"><div class=\"vce-col vce-col--md-auto vce-col--xs-1 vce-col--xs-last vce-col--xs-first vce-col--sm-last vce-col--sm-first vce-col--md-last vce-col--lg-last vce-col--xl-last vce-col--md-first vce-col--lg-first vce-col--xl-first\" id=\"el-3d1c5f64\"><div class=\"vce-col-inner\" data-vce-do-apply=\"border margin background  el-3d1c5f64\"><div class=\"vce-col-content\" data-vce-element-content=\"true\" data-vce-do-apply=\"padding el-3d1c5f64\"><div class=\"vce-button--style-basic-container vce-button--style-basic-container--align-center\"><span class=\"vce-button--style-basic-wrapper vce\" id=\"el-b4325c9b\" data-vce-do-apply=\"margin el-b4325c9b\"><a class=\"vce-button--style-basic vce-button--style-basic--border-round vce-button--style-basic--size-large vce-button--style-basic--color-ba-225-22-18-0-8--fff\" href=\"http:\/\/www.hitmaschin.at\/?page_id=88\" title=\"\" data-vce-do-apply=\"padding border background  el-b4325c9b\">Jetzt unverbindlich anfragen<\/a><\/span><\/div><\/div><\/div><\/div><\/div><\/div><\/div>\n","protected":false},"excerpt":{"rendered":"<p>AbendunterhaltungGrunds\u00e4tzlich sind wir Dienstleister und bieten folgende Standards:sehr umfangreiches Songprogramm mit absoluten Klassikern, die auf keiner Hochzeit fehlen d\u00fcrfenEr\u00f6ffnungstanz (Wunschtitel)musikalische Umrahmung des BrauttortenanschnittsTanzparadeParty und StimmungPolonaiseStandardt\u00e4nzeakustisches Set (ev. drau\u00dfen bei Sch\u00f6nwetter)traditionelle Songs (bei diversen Ritualen)Brautstehlen (mit Akustikgitarre)Moderation (Brautstrau\u00dfwurf, Strumpfbandversteigerung, etc.)Abschlusstanz (Wunschtitel)Hintergrundmusik vor und nach dem Auftritt (Playlist)Jetzt unverbindlich anfragen<\/p>\n","protected":false},"author":1,"featured_media":0,"parent":0,"menu_order":0,"comment_status":"closed","ping_status":"closed","template":"","meta":{"_crdt_document":"","ngg_post_thumbnail":0,"footnotes":""},"class_list":["post-377","page","type-page","status-publish","hentry"],"_links":{"self":[{"href":"https:\/\/www.hitmaschin.at\/index.php?rest_route=\/wp\/v2\/pages\/377","targetHints":{"allow":["GET"]}}],"collection":[{"href":"https:\/\/www.hitmaschin.at\/index.php?rest_route=\/wp\/v2\/pages"}],"about":[{"href":"https:\/\/www.hitmaschin.at\/index.php?rest_route=\/wp\/v2\/types\/page"}],"author":[{"embeddable":true,"href":"https:\/\/www.hitmaschin.at\/index.php?rest_route=\/wp\/v2\/users\/1"}],"replies":[{"embeddable":true,"href":"https:\/\/www.hitmaschin.at\/index.php?rest_route=%2Fwp%2Fv2%2Fcomments&post=377"}],"version-history":[{"count":9,"href":"https:\/\/www.hitmaschin.at\/index.php?rest_route=\/wp\/v2\/pages\/377\/revisions"}],"predecessor-version":[{"id":796,"href":"https:\/\/www.hitmaschin.at\/index.php?rest_route=\/wp\/v2\/pages\/377\/revisions\/796"}],"wp:attachment":[{"href":"https:\/\/www.hitmaschin.at\/index.php?rest_route=%2Fwp%2Fv2%2Fmedia&parent=377"}],"curies":[{"name":"wp","href":"https:\/\/api.w.org\/{rel}","templated":true}]}}