{"id":44,"date":"2019-10-15T18:41:05","date_gmt":"2019-10-15T18:41:05","guid":{"rendered":"http:\/\/www.hitmaschin.at\/?page_id=44"},"modified":"2021-11-14T20:45:27","modified_gmt":"2021-11-14T20:45:27","slug":"musiker","status":"publish","type":"page","link":"https:\/\/www.hitmaschin.at\/?page_id=44","title":{"rendered":"Musiker"},"content":{"rendered":"<div class=\"vce-row-container\"><div class=\"vce-row vce-row--col-gap-30 vce-row-columns--top vce-row-content--top\" id=\"el-feaf8a8e\" data-vce-do-apply=\"all el-feaf8a8e\"><div class=\"vce-row-content\" data-vce-element-content=\"true\"><div class=\"vce-col vce-col--md-auto vce-col--xs-1 vce-col--xs-last vce-col--xs-first vce-col--sm-last vce-col--sm-first vce-col--md-last vce-col--lg-last vce-col--xl-last vce-col--md-first vce-col--lg-first vce-col--xl-first\" id=\"el-ed487868\"><div class=\"vce-col-inner\" data-vce-do-apply=\"border margin background  el-ed487868\"><div class=\"vce-col-content\" data-vce-element-content=\"true\" data-vce-do-apply=\"padding el-ed487868\"><div class=\"vce-text-block\"><div class=\"vce-text-block-wrapper vce\" id=\"el-334cb55d\" data-vce-do-apply=\"all el-334cb55d\">\n<h1 class=\"has-text-align-center wp-block-heading\" style=\"text-align: center;\"><img loading=\"lazy\" decoding=\"async\" class=\"alignnone size-large wp-image-227\" src=\"https:\/\/www.hitmaschin.at\/wp-content\/uploads\/2019\/10\/musiker-1024x188.png\" alt=\"\" width=\"812\" height=\"149\" srcset=\"https:\/\/www.hitmaschin.at\/wp-content\/uploads\/2019\/10\/musiker-1024x188.png 1024w, https:\/\/www.hitmaschin.at\/wp-content\/uploads\/2019\/10\/musiker-300x55.png 300w, https:\/\/www.hitmaschin.at\/wp-content\/uploads\/2019\/10\/musiker-768x141.png 768w, https:\/\/www.hitmaschin.at\/wp-content\/uploads\/2019\/10\/musiker.png 1200w\" sizes=\"auto, (max-width: 812px) 100vw, 812px\" \/><\/h1>\n<p>&nbsp;<\/p>\n<p>&nbsp;<\/p>\n\n<div class=\"wp-block-media-text alignwide is-stacked-on-mobile\">\n<figure class=\"wp-block-media-text__media\"><div class=\"eds-animate edsanimate-sis-hidden \" data-eds-entry-animation=\"bounceInLeft\" data-eds-entry-delay=\"0\" data-eds-entry-duration=\"1.5\" data-eds-entry-timing=\"linear\" data-eds-exit-animation=\"\" data-eds-exit-delay=\"\" data-eds-exit-duration=\"\" data-eds-exit-timing=\"\" data-eds-repeat-count=\"1\" data-eds-keep=\"yes\" data-eds-animate-on=\"load\" data-eds-scroll-offset=\"\"><img loading=\"lazy\" decoding=\"async\" class=\"alignnone wp-image-675 size-large\" src=\"https:\/\/www.hitmaschin.at\/wp-content\/uploads\/2021\/11\/FB_IMG_1589118801592-683x1024.jpg\" alt=\"\" width=\"683\" height=\"1024\" srcset=\"https:\/\/www.hitmaschin.at\/wp-content\/uploads\/2021\/11\/FB_IMG_1589118801592-683x1024.jpg 683w, https:\/\/www.hitmaschin.at\/wp-content\/uploads\/2021\/11\/FB_IMG_1589118801592-200x300.jpg 200w, https:\/\/www.hitmaschin.at\/wp-content\/uploads\/2021\/11\/FB_IMG_1589118801592-768x1151.jpg 768w, https:\/\/www.hitmaschin.at\/wp-content\/uploads\/2021\/11\/FB_IMG_1589118801592.jpg 1080w\" sizes=\"auto, (max-width: 683px) 100vw, 683px\" \/><\/div><\/figure>\n<div class=\"wp-block-media-text__content\">\n<p class=\"has-text-align-right wp-block-paragraph\" style=\"font-size: 30px;\"><strong>Lisa-Marie Moser<\/strong><\/p>\n\n<p class=\"has-text-align-right wp-block-paragraph\">Die junge Waldviertlerin entdeckte schon fr\u00fch ihre gro\u00dfe Leidenschaft f\u00fcr Musik. Bereits mit 17 Jahren stand sie das erste Mal auf der B\u00fchne und konnte seither in regionalen und \u00fcberregionalen Musik-Formationen schon reichlich B\u00fchnenerfahrung sammeln. Ihr Publikum beeindruckt sie stimmlich mit ihrer Rockr\u00f6hre ebenso, wie mit ihrer Interpretation bekannter Schlager-Klassiker bis hin zu den gro\u00dfen Pop-Balladen.<\/p>\n<\/div>\n<\/div>\n<p>&nbsp;<\/p>\n<p>&nbsp;<\/p>\n<!-- \/wp:media-text -->\n<div class=\"wp-block-media-text alignwide has-media-on-the-right is-stacked-on-mobile\">\n<figure class=\"wp-block-media-text__media\"><div class=\"eds-animate edsanimate-sis-hidden \" data-eds-entry-animation=\"bounceInRight\" data-eds-entry-delay=\"0\" data-eds-entry-duration=\"1.5\" data-eds-entry-timing=\"linear\" data-eds-exit-animation=\"\" data-eds-exit-delay=\"\" data-eds-exit-duration=\"\" data-eds-exit-timing=\"\" data-eds-repeat-count=\"1\" data-eds-keep=\"yes\" data-eds-animate-on=\"scroll\" data-eds-scroll-offset=\"2.5\"><img loading=\"lazy\" decoding=\"async\" width=\"589\" height=\"1024\" class=\"wp-image-140\" src=\"https:\/\/www.hitmaschin.at\/wp-content\/uploads\/2019\/10\/20191017_163947-2-589x1024.jpg\" alt=\"\" srcset=\"https:\/\/www.hitmaschin.at\/wp-content\/uploads\/2019\/10\/20191017_163947-2-589x1024.jpg 589w, https:\/\/www.hitmaschin.at\/wp-content\/uploads\/2019\/10\/20191017_163947-2-173x300.jpg 173w, https:\/\/www.hitmaschin.at\/wp-content\/uploads\/2019\/10\/20191017_163947-2-768x1336.jpg 768w, https:\/\/www.hitmaschin.at\/wp-content\/uploads\/2019\/10\/20191017_163947-2.jpg 1150w\" sizes=\"auto, (max-width: 589px) 100vw, 589px\" \/><\/div><\/figure>\n<div class=\"wp-block-media-text__content\"><!-- wp:paragraph {\"placeholder\":\"Inhalt...\",\"customFontSize\":30} -->\n<p style=\"font-size: 30px;\"><strong>Markus Wirtl<\/strong><\/p>\n<!-- \/wp:paragraph --><!-- wp:paragraph -->\n<p>Ein waldviertler Gitarrist und S\u00e4nger, mittlerweile schon sehr lange mit diversen Coverbands, Rock-, Pop- sowie Jazzformationen unterwegs. Seine Stimme ist stark beeinflusst von den Rocks\u00e4ngern der 70er und 80er Jahre. Als Gitarrist hat er sich schon mehr als ein halbes Leben mit vielen Stilen und Spieltechniken auseinandergesetzt. Auf und auch abseits der B\u00fchne versteht er es, sein Publikum mit einem gewissen \"Schm\u00e4h\" zu unterhalten, der oft gepaart mit einer geh\u00f6rigen Dosis Rock'n'Roll und Pr\u00e4senz daher kommt.<\/p>\n<!-- \/wp:paragraph --><\/div>\n<\/div>\n<p>&nbsp;<\/p>\n<p>&nbsp;<\/p>\n<p>&nbsp;<\/p>\n<p>&nbsp;<\/p>\n<!-- \/wp:media-text --><\/div><\/div><\/div><\/div><\/div><\/div><\/div><\/div>","protected":false},"excerpt":{"rendered":"<p>&nbsp; &nbsp; Lisa-Marie Moser Die junge Waldviertlerin entdeckte schon fr\u00fch ihre gro\u00dfe Leidenschaft f\u00fcr Musik. Bereits mit 17 Jahren stand sie das erste Mal auf der B\u00fchne und konnte seither in regionalen und \u00fcberregionalen Musik-Formationen schon reichlich B\u00fchnenerfahrung sammeln. Ihr Publikum beeindruckt sie stimmlich mit ihrer Rockr\u00f6hre ebenso, wie mit ihrer Interpretation bekannter Schlager-Klassiker bis [&hellip;]<\/p>\n","protected":false},"author":1,"featured_media":0,"parent":0,"menu_order":0,"comment_status":"closed","ping_status":"closed","template":"","meta":{"_crdt_document":"","ngg_post_thumbnail":0,"footnotes":""},"class_list":["post-44","page","type-page","status-publish","hentry"],"_links":{"self":[{"href":"https:\/\/www.hitmaschin.at\/index.php?rest_route=\/wp\/v2\/pages\/44","targetHints":{"allow":["GET"]}}],"collection":[{"href":"https:\/\/www.hitmaschin.at\/index.php?rest_route=\/wp\/v2\/pages"}],"about":[{"href":"https:\/\/www.hitmaschin.at\/index.php?rest_route=\/wp\/v2\/types\/page"}],"author":[{"embeddable":true,"href":"https:\/\/www.hitmaschin.at\/index.php?rest_route=\/wp\/v2\/users\/1"}],"replies":[{"embeddable":true,"href":"https:\/\/www.hitmaschin.at\/index.php?rest_route=%2Fwp%2Fv2%2Fcomments&post=44"}],"version-history":[{"count":13,"href":"https:\/\/www.hitmaschin.at\/index.php?rest_route=\/wp\/v2\/pages\/44\/revisions"}],"predecessor-version":[{"id":676,"href":"https:\/\/www.hitmaschin.at\/index.php?rest_route=\/wp\/v2\/pages\/44\/revisions\/676"}],"wp:attachment":[{"href":"https:\/\/www.hitmaschin.at\/index.php?rest_route=%2Fwp%2Fv2%2Fmedia&parent=44"}],"curies":[{"name":"wp","href":"https:\/\/api.w.org\/{rel}","templated":true}]}}