{"id":443,"date":"2021-11-12T18:33:56","date_gmt":"2021-11-12T18:33:56","guid":{"rendered":"http:\/\/www.hitmaschin.at\/?page_id=443"},"modified":"2021-12-06T00:57:09","modified_gmt":"2021-12-06T00:57:09","slug":"warum-hitmaschin-buchen","status":"publish","type":"page","link":"https:\/\/www.hitmaschin.at\/?page_id=443","title":{"rendered":""},"content":{"rendered":"<div class=\"vce-row-container\"><div class=\"vce-row vce-row--col-gap-30 vce-row-columns--top vce-row-content--top\" id=\"el-6e1b0f96\" data-vce-do-apply=\"all el-6e1b0f96\"><div class=\"vce-row-content\" data-vce-element-content=\"true\"><div class=\"vce-col vce-col--md-auto vce-col--xs-1 vce-col--xs-last vce-col--xs-first vce-col--sm-last vce-col--sm-first vce-col--md-last vce-col--lg-last vce-col--xl-last vce-col--md-first vce-col--lg-first vce-col--xl-first\" id=\"el-65d23cf4\"><div class=\"vce-col-inner\" data-vce-do-apply=\"border margin background  el-65d23cf4\"><div class=\"vce-col-content\" data-vce-element-content=\"true\" data-vce-do-apply=\"padding el-65d23cf4\"><div class=\"vce-text-block\"><div class=\"vce-text-block-wrapper vce\" id=\"el-b776c0bb\" data-vce-do-apply=\"all el-b776c0bb\"><p>Es gibt viele Coverbands, die sich mehr oder weniger unterscheiden.<\/p>\n<h2><strong><span style=\"font-family: andale mono, monospace; font-size: 36pt; color: #ff002f;\">Warum also Hitmaschin buchen?<\/span><\/strong><\/h2>\n<ul>\n<li>professionelle Musiker mit langj\u00e4hriger Erfahrung und vielen Live-Auftritten jedes Jahr<\/li>\n<li>gro\u00dfes Song-Repertoire mit vielen bekannten Hits der letzten 60 Jahre<\/li>\n<li>musikalische Vielseitigkeit (von Jazz und Pop \u00fcber Charts bis Rock)<\/li>\n<li>alle <strong>Standardt\u00e4nze<\/strong> (inklusive richtige Tempi)<\/li>\n<li>flexibel einsetzbar (ob Hochzeit, Fest, Party, Ball, Tanzabend, Trauung, Agape, Akustik-Konzert)<\/li>\n<li><strong>weiblicher und m\u00e4nnlicher Gesang<\/strong> (bzw. zweistimmig)<\/li>\n<li>Erf\u00fcllung von Wunschtitel f\u00fcr Er\u00f6ffnungen, Einlagen, Trauungen, etc.<\/li>\n<li>hochwertige Ton- und Lichttechnik<\/li>\n<li>niveauvolle Moderation<\/li>\n<li>flexible Auftrittszeiten<\/li>\n<li>technischer Support (z.B.: stellen wir gerne unsere Mikrofone f\u00fcr div. Ansprachen und Spiele zur Verf\u00fcgung)<\/li>\n<li>DJ-Support oder Playliste vor und nach dem Auftritt m\u00f6glich<\/li>\n<li>Gastmusiker und Karaokes\u00e4nger jederzeit willkommen<\/li>\n<li>schnelle Reaktionszeit auf Anfragen&nbsp;<\/li>\n<\/ul><\/div><\/div><\/div><\/div><\/div><\/div><\/div><\/div><div class=\"vce-row-container\"><div class=\"vce-row vce-row--col-gap-30 vce-row-columns--top vce-row-content--top\" id=\"el-d5ca2c0d\" data-vce-do-apply=\"all el-d5ca2c0d\"><div class=\"vce-row-content\" data-vce-element-content=\"true\"><div class=\"vce-col vce-col--md-auto vce-col--xs-1 vce-col--xs-last vce-col--xs-first vce-col--sm-last vce-col--sm-first vce-col--md-last vce-col--lg-last vce-col--xl-last vce-col--md-first vce-col--lg-first vce-col--xl-first\" id=\"el-c4ebe1a1\"><div class=\"vce-col-inner\" data-vce-do-apply=\"border margin background  el-c4ebe1a1\"><div class=\"vce-col-content\" data-vce-element-content=\"true\" data-vce-do-apply=\"padding el-c4ebe1a1\"><div class=\"vce-button--style-basic-container vce-button--style-basic-container--align-center\"><span class=\"vce-button--style-basic-wrapper vce\" id=\"el-fa2abc48\" data-vce-do-apply=\"margin el-fa2abc48\"><a class=\"vce-button--style-basic vce-button--style-basic--border-round vce-button--style-basic--size-large vce-button--style-basic--color-b-238-17-17--fff\" href=\"https:\/\/www.hitmaschin.at\/?page_id=88\" title=\"\" data-vce-do-apply=\"padding border background  el-fa2abc48\">Jetzt unverbindlich anfragen<\/a><\/span><\/div><\/div><\/div><\/div><\/div><\/div><\/div>\n","protected":false},"excerpt":{"rendered":"<p>Es gibt viele Coverbands, die sich mehr oder weniger unterscheiden. Warum also Hitmaschin buchen? professionelle Musiker mit langj\u00e4hriger Erfahrung und vielen Live-Auftritten jedes Jahr gro\u00dfes Song-Repertoire mit vielen bekannten Hits der letzten 60 Jahre musikalische Vielseitigkeit (von Jazz und Pop \u00fcber Charts bis Rock) alle Standardt\u00e4nze (inklusive richtige Tempi) flexibel einsetzbar (ob Hochzeit, Fest, Party, [&hellip;]<\/p>\n","protected":false},"author":1,"featured_media":0,"parent":0,"menu_order":0,"comment_status":"closed","ping_status":"closed","template":"","meta":{"_crdt_document":"","ngg_post_thumbnail":0,"footnotes":""},"class_list":["post-443","page","type-page","status-publish","hentry"],"_links":{"self":[{"href":"https:\/\/www.hitmaschin.at\/index.php?rest_route=\/wp\/v2\/pages\/443","targetHints":{"allow":["GET"]}}],"collection":[{"href":"https:\/\/www.hitmaschin.at\/index.php?rest_route=\/wp\/v2\/pages"}],"about":[{"href":"https:\/\/www.hitmaschin.at\/index.php?rest_route=\/wp\/v2\/types\/page"}],"author":[{"embeddable":true,"href":"https:\/\/www.hitmaschin.at\/index.php?rest_route=\/wp\/v2\/users\/1"}],"replies":[{"embeddable":true,"href":"https:\/\/www.hitmaschin.at\/index.php?rest_route=%2Fwp%2Fv2%2Fcomments&post=443"}],"version-history":[{"count":12,"href":"https:\/\/www.hitmaschin.at\/index.php?rest_route=\/wp\/v2\/pages\/443\/revisions"}],"predecessor-version":[{"id":706,"href":"https:\/\/www.hitmaschin.at\/index.php?rest_route=\/wp\/v2\/pages\/443\/revisions\/706"}],"wp:attachment":[{"href":"https:\/\/www.hitmaschin.at\/index.php?rest_route=%2Fwp%2Fv2%2Fmedia&parent=443"}],"curies":[{"name":"wp","href":"https:\/\/api.w.org\/{rel}","templated":true}]}}