{"id":498,"date":"2021-11-12T19:13:16","date_gmt":"2021-11-12T19:13:16","guid":{"rendered":"http:\/\/www.hitmaschin.at\/?page_id=498"},"modified":"2023-04-16T18:35:51","modified_gmt":"2023-04-16T18:35:51","slug":"songliste-allgemein","status":"publish","type":"page","link":"https:\/\/www.hitmaschin.at\/?page_id=498","title":{"rendered":""},"content":{"rendered":"<div class=\"vce-row-container\"><div class=\"vce-row vce-row--col-gap-30 vce-row-columns--top vce-row-content--top\" id=\"el-53696eb0\" data-vce-do-apply=\"all el-53696eb0\"><div class=\"vce-row-content\" data-vce-element-content=\"true\"><div class=\"vce-col vce-col--md-auto vce-col--xs-1 vce-col--xs-last vce-col--xs-first vce-col--sm-last vce-col--sm-first vce-col--md-last vce-col--lg-last vce-col--xl-last vce-col--md-first vce-col--lg-first vce-col--xl-first\" id=\"el-6ffb6478\"><div class=\"vce-col-inner\" data-vce-do-apply=\"border margin background  el-6ffb6478\"><div class=\"vce-col-content\" data-vce-element-content=\"true\" data-vce-do-apply=\"padding el-6ffb6478\"><div class=\"vce-text-block\"><div class=\"vce-text-block-wrapper vce\" id=\"el-62e24d0a\" data-vce-do-apply=\"all el-62e24d0a\"><h2 style=\"text-align: center;\"><span style=\"font-family: andale mono, monospace; font-weight: bold; font-style: normal; font-size: 48pt; color: #ff002f;\"><strong>Songliste allgemein<\/strong><\/span><\/h2><\/div><\/div><div class=\"vce-text-block\"><div class=\"vce-text-block-wrapper vce\" id=\"el-91c45ce7\" data-vce-do-apply=\"all el-91c45ce7\"><p>Durch unser umfangreiches Repertoire sind wir in der Lage, sowohl unserem jungen, als auch unserem jung gebliebenen Publikum etwas zu bieten. Es beinhaltet Lieder zum Mitsingen, Mitklatschen, Mitspringen, Mitfliegen, Tanzen oder einfach zum Zuh\u00f6ren. Es ist garantiert f\u00fcr jeden etwas dabei. Weiters kommen auch alle Standard- und Lateint\u00e4nzer auf ihre Kosten. Das Programm enth\u00e4lt auch das eine oder andere Schmankerl, dass den Musikkenner sicherlich das eine oder andere Mal schmunzeln l\u00e4sst. Selbstverst\u00e4ndlich wird unser Programm st\u00e4ndig aktualisiert und erweitert.<\/p>\n<h4>Hier einige Musikrichtungen aus unserem Programm:<\/h4>\n<ul>\n<li>Rock und Pop<\/li>\n<li>Stimmungs- und Partyhits<\/li>\n<li>aktuelle Charts<\/li>\n<li>moderne Hits<\/li>\n<li>Oldies und Evergreens<\/li>\n<li>Rock'n'Roll<\/li>\n<li>Disco und Funk<\/li>\n<li>Austropop<\/li>\n<li>Schlager<\/li>\n<li>Volksmusik<\/li>\n<li>Standardt\u00e4nze<\/li>\n<li>Latin- und Jazzstandarts<\/li>\n<li>Walzer, Slow waltz<\/li>\n<\/ul>\n<p>&nbsp;<\/p>\n<h5>Hier finden Sie unser gesamtes Programm als Pdf-Liste zum Downloaden: &nbsp;&nbsp;&nbsp;<\/h5><\/div><\/div><\/div><\/div><\/div><\/div><\/div><\/div><div class=\"vce-row-container\"><div class=\"vce-row vce-row--col-gap-30 vce-row-columns--top vce-row-content--top\" id=\"el-77fc2ceb\" data-vce-do-apply=\"all el-77fc2ceb\"><div class=\"vce-row-content\" data-vce-element-content=\"true\"><div class=\"vce-col vce-col--md-auto vce-col--xs-1 vce-col--xs-last vce-col--xs-first vce-col--sm-last vce-col--sm-first vce-col--md-last vce-col--lg-last vce-col--xl-last vce-col--md-first vce-col--lg-first vce-col--xl-first\" id=\"el-9a211206\"><div class=\"vce-col-inner\" data-vce-do-apply=\"border margin background  el-9a211206\"><div class=\"vce-col-content\" data-vce-element-content=\"true\" data-vce-do-apply=\"padding el-9a211206\"><div class=\"vce-text-block\"><div class=\"vce-text-block-wrapper vce\" id=\"el-f373c9b7\" data-vce-do-apply=\"all el-f373c9b7\"><p><span style=\"font-size: 24pt;\"><a href=\"https:\/\/www.hitmaschin.at\/wp-content\/uploads\/2023\/04\/Hitmaschin-Programm-2023-Download.pdf\">Hitmaschin Programm 2023 Download<\/a><\/span><\/p><\/div><\/div><\/div><\/div><\/div><\/div><\/div><\/div><div class=\"vce-row-container\"><div class=\"vce-row vce-row--col-gap-30 vce-row-columns--top vce-row-content--top\" id=\"el-a751755a\" data-vce-do-apply=\"all el-a751755a\"><div class=\"vce-row-content\" data-vce-element-content=\"true\"><div class=\"vce-col vce-col--md-auto vce-col--xs-1 vce-col--xs-last vce-col--xs-first vce-col--sm-last vce-col--sm-first vce-col--md-last vce-col--lg-last vce-col--xl-last vce-col--md-first vce-col--lg-first vce-col--xl-first\" id=\"el-f1244f1c\"><div class=\"vce-col-inner\" data-vce-do-apply=\"border margin background  el-f1244f1c\"><div class=\"vce-col-content\" data-vce-element-content=\"true\" data-vce-do-apply=\"padding el-f1244f1c\"><div class=\"vce-button--style-basic-container vce-button--style-basic-container--align-center\"><span class=\"vce-button--style-basic-wrapper vce\" id=\"el-64f0a499\" data-vce-do-apply=\"margin el-64f0a499\"><a class=\"vce-button--style-basic vce-button--style-basic--border-round vce-button--style-basic--size-large vce-button--style-basic--color-ba-228-22-18-0-8--fff\" href=\"https:\/\/www.hitmaschin.at\/?page_id=88\" title=\"\" data-vce-do-apply=\"padding border background  el-64f0a499\">Jetzt unverbindlich anfragen<\/a><\/span><\/div><\/div><\/div><\/div><\/div><\/div><\/div><div class=\"vce-row-container\"><div class=\"vce-row vce-row--col-gap-30 vce-row-columns--top vce-row-content--top\" id=\"el-2e0131d2\" data-vce-do-apply=\"all el-2e0131d2\"><div class=\"vce-row-content\" data-vce-element-content=\"true\"><div class=\"vce-col vce-col--md-auto vce-col--xs-1 vce-col--xs-last vce-col--xs-first vce-col--sm-last vce-col--sm-first vce-col--md-last vce-col--lg-last vce-col--xl-last vce-col--md-first vce-col--lg-first vce-col--xl-first\" id=\"el-f359510f\"><div class=\"vce-col-inner\" data-vce-do-apply=\"border margin background  el-f359510f\"><div class=\"vce-col-content\" data-vce-element-content=\"true\" data-vce-do-apply=\"padding el-f359510f\"><\/div><\/div><\/div><\/div><\/div><\/div>\n","protected":false},"excerpt":{"rendered":"<p>Songliste allgemeinDurch unser umfangreiches Repertoire sind wir in der Lage, sowohl unserem jungen, als auch unserem jung gebliebenen Publikum etwas zu bieten. Es beinhaltet Lieder zum Mitsingen, Mitklatschen, Mitspringen, Mitfliegen, Tanzen oder einfach zum Zuh\u00f6ren. Es ist garantiert f\u00fcr jeden etwas dabei. Weiters kommen auch alle Standard- und Lateint\u00e4nzer auf ihre Kosten. Das Programm enth\u00e4lt [&hellip;]<\/p>\n","protected":false},"author":1,"featured_media":0,"parent":0,"menu_order":0,"comment_status":"closed","ping_status":"closed","template":"","meta":{"_crdt_document":"","ngg_post_thumbnail":0,"footnotes":""},"class_list":["post-498","page","type-page","status-publish","hentry"],"_links":{"self":[{"href":"https:\/\/www.hitmaschin.at\/index.php?rest_route=\/wp\/v2\/pages\/498","targetHints":{"allow":["GET"]}}],"collection":[{"href":"https:\/\/www.hitmaschin.at\/index.php?rest_route=\/wp\/v2\/pages"}],"about":[{"href":"https:\/\/www.hitmaschin.at\/index.php?rest_route=\/wp\/v2\/types\/page"}],"author":[{"embeddable":true,"href":"https:\/\/www.hitmaschin.at\/index.php?rest_route=\/wp\/v2\/users\/1"}],"replies":[{"embeddable":true,"href":"https:\/\/www.hitmaschin.at\/index.php?rest_route=%2Fwp%2Fv2%2Fcomments&post=498"}],"version-history":[{"count":21,"href":"https:\/\/www.hitmaschin.at\/index.php?rest_route=\/wp\/v2\/pages\/498\/revisions"}],"predecessor-version":[{"id":846,"href":"https:\/\/www.hitmaschin.at\/index.php?rest_route=\/wp\/v2\/pages\/498\/revisions\/846"}],"wp:attachment":[{"href":"https:\/\/www.hitmaschin.at\/index.php?rest_route=%2Fwp%2Fv2%2Fmedia&parent=498"}],"curies":[{"name":"wp","href":"https:\/\/api.w.org\/{rel}","templated":true}]}}