{"id":499,"date":"2021-11-12T20:08:13","date_gmt":"2021-11-12T20:08:13","guid":{"rendered":"http:\/\/www.hitmaschin.at\/?page_id=499"},"modified":"2023-04-16T18:34:30","modified_gmt":"2023-04-16T18:34:30","slug":"songliste-trauung","status":"publish","type":"page","link":"https:\/\/www.hitmaschin.at\/?page_id=499","title":{"rendered":""},"content":{"rendered":"<div class=\"vce-row-container\"><div class=\"vce-row vce-row--col-gap-30 vce-row-columns--top vce-row-content--top\" id=\"el-9b1c86a9\" data-vce-do-apply=\"all el-9b1c86a9\"><div class=\"vce-row-content\" data-vce-element-content=\"true\"><div class=\"vce-col vce-col--md-auto vce-col--xs-1 vce-col--xs-last vce-col--xs-first vce-col--sm-last vce-col--sm-first vce-col--md-last vce-col--lg-last vce-col--xl-last vce-col--md-first vce-col--lg-first vce-col--xl-first\" id=\"el-23f18705\"><div class=\"vce-col-inner\" data-vce-do-apply=\"border margin background  el-23f18705\"><div class=\"vce-col-content\" data-vce-element-content=\"true\" data-vce-do-apply=\"padding el-23f18705\"><div class=\"vce-text-block\"><div class=\"vce-text-block-wrapper vce\" id=\"el-4359c5e9\" data-vce-do-apply=\"all el-4359c5e9\"><h2 style=\"text-align: center;\"><span style=\"color: #ff002f;\"><strong><span style=\"font-family: andale mono, monospace; font-size: 48pt;\">Programm Trauung<\/span><\/strong><\/span><\/h2><\/div><\/div><div class=\"vce-text-block\"><div class=\"vce-text-block-wrapper vce\" id=\"el-b3a60782\" data-vce-do-apply=\"all el-b3a60782\"><h5>Hier finden Sie unser gesamtes Trauungs-Programm als Pdf-Liste zum Downloaden:<\/h5>\n<p>Grunds\u00e4tzlich beinhaltet das Programm viele bew\u00e4hrte Klassiker, jedoch besteht nat\u00fcrlich auch die M\u00f6glichkeit sich Songs zu w\u00fcnschen, die nicht auf der Liste enthalten sind.<\/p><\/div><\/div><\/div><\/div><\/div><\/div><\/div><\/div><div class=\"vce-row-container\"><div class=\"vce-row vce-row--col-gap-30 vce-row-columns--top vce-row-content--top\" id=\"el-135cc9dc\" data-vce-do-apply=\"all el-135cc9dc\"><div class=\"vce-row-content\" data-vce-element-content=\"true\"><div class=\"vce-col vce-col--md-auto vce-col--xs-1 vce-col--xs-last vce-col--xs-first vce-col--sm-last vce-col--sm-first vce-col--md-last vce-col--lg-last vce-col--xl-last vce-col--md-first vce-col--lg-first vce-col--xl-first\" id=\"el-4e5135e4\"><div class=\"vce-col-inner\" data-vce-do-apply=\"border margin background  el-4e5135e4\"><div class=\"vce-col-content\" data-vce-element-content=\"true\" data-vce-do-apply=\"padding el-4e5135e4\"><div class=\"vce-text-block\"><div class=\"vce-text-block-wrapper vce\" id=\"el-9f22dbe5\" data-vce-do-apply=\"all el-9f22dbe5\"><p><span style=\"font-size: 24pt;\"><a href=\"https:\/\/www.hitmaschin.at\/wp-content\/uploads\/2023\/04\/Hitmaschin-Programm-Trauung-Download.pdf\">Hitmaschin Programm Trauung Download<\/a><\/span><\/p><\/div><\/div><\/div><\/div><\/div><\/div><\/div><\/div><div class=\"vce-row-container\"><div class=\"vce-row vce-row--col-gap-30 vce-row-columns--top vce-row-content--top\" id=\"el-65ea5f3f\" data-vce-do-apply=\"all el-65ea5f3f\"><div class=\"vce-row-content\" data-vce-element-content=\"true\"><div class=\"vce-col vce-col--md-auto vce-col--xs-1 vce-col--xs-last vce-col--xs-first vce-col--sm-last vce-col--sm-first vce-col--md-last vce-col--lg-last vce-col--xl-last vce-col--md-first vce-col--lg-first vce-col--xl-first\" id=\"el-9f1c0f25\"><div class=\"vce-col-inner\" data-vce-do-apply=\"border margin background  el-9f1c0f25\"><div class=\"vce-col-content\" data-vce-element-content=\"true\" data-vce-do-apply=\"padding el-9f1c0f25\"><div class=\"vce-button--style-basic-container vce-button--style-basic-container--align-center\"><span class=\"vce-button--style-basic-wrapper vce\" id=\"el-01dc2ddb\" data-vce-do-apply=\"margin el-01dc2ddb\"><a class=\"vce-button--style-basic vce-button--style-basic--border-round vce-button--style-basic--size-large vce-button--style-basic--color-ba-228-22-18-0-8--fff\" href=\"https:\/\/www.hitmaschin.at\/?page_id=88\" title=\"\" data-vce-do-apply=\"padding border background  el-01dc2ddb\">Jetzt unverbindlich anfragen<\/a><\/span><\/div><\/div><\/div><\/div><\/div><\/div><\/div>\n","protected":false},"excerpt":{"rendered":"<p>Programm TrauungHier finden Sie unser gesamtes Trauungs-Programm als Pdf-Liste zum Downloaden: Grunds\u00e4tzlich beinhaltet das Programm viele bew\u00e4hrte Klassiker, jedoch besteht nat\u00fcrlich auch die M\u00f6glichkeit sich Songs zu w\u00fcnschen, die nicht auf der Liste enthalten sind.Hitmaschin Programm Trauung DownloadJetzt unverbindlich anfragen<\/p>\n","protected":false},"author":1,"featured_media":0,"parent":0,"menu_order":0,"comment_status":"closed","ping_status":"closed","template":"","meta":{"_crdt_document":"","ngg_post_thumbnail":0,"footnotes":""},"class_list":["post-499","page","type-page","status-publish","hentry"],"_links":{"self":[{"href":"https:\/\/www.hitmaschin.at\/index.php?rest_route=\/wp\/v2\/pages\/499","targetHints":{"allow":["GET"]}}],"collection":[{"href":"https:\/\/www.hitmaschin.at\/index.php?rest_route=\/wp\/v2\/pages"}],"about":[{"href":"https:\/\/www.hitmaschin.at\/index.php?rest_route=\/wp\/v2\/types\/page"}],"author":[{"embeddable":true,"href":"https:\/\/www.hitmaschin.at\/index.php?rest_route=\/wp\/v2\/users\/1"}],"replies":[{"embeddable":true,"href":"https:\/\/www.hitmaschin.at\/index.php?rest_route=%2Fwp%2Fv2%2Fcomments&post=499"}],"version-history":[{"count":13,"href":"https:\/\/www.hitmaschin.at\/index.php?rest_route=\/wp\/v2\/pages\/499\/revisions"}],"predecessor-version":[{"id":845,"href":"https:\/\/www.hitmaschin.at\/index.php?rest_route=\/wp\/v2\/pages\/499\/revisions\/845"}],"wp:attachment":[{"href":"https:\/\/www.hitmaschin.at\/index.php?rest_route=%2Fwp%2Fv2%2Fmedia&parent=499"}],"curies":[{"name":"wp","href":"https:\/\/api.w.org\/{rel}","templated":true}]}}