{"id":571,"date":"2021-11-13T18:13:44","date_gmt":"2021-11-13T18:13:44","guid":{"rendered":"http:\/\/www.hitmaschin.at\/?page_id=571"},"modified":"2023-04-24T10:08:24","modified_gmt":"2023-04-24T10:08:24","slug":"trauung-2","status":"publish","type":"page","link":"https:\/\/www.hitmaschin.at\/?page_id=571","title":{"rendered":""},"content":{"rendered":"<div class=\"vce-row-container\"><div class=\"vce-row vce-row--col-gap-30 vce-row-columns--top vce-row-content--top\" id=\"el-1e88df60\" data-vce-do-apply=\"all el-1e88df60\"><div class=\"vce-row-content\" data-vce-element-content=\"true\"><div class=\"vce-col vce-col--md-auto vce-col--xs-1 vce-col--xs-last vce-col--xs-first vce-col--sm-last vce-col--sm-first vce-col--md-last vce-col--lg-last vce-col--xl-last vce-col--md-first vce-col--lg-first vce-col--xl-first\" id=\"el-e85c8688\"><div class=\"vce-col-inner\" data-vce-do-apply=\"border margin background  el-e85c8688\"><div class=\"vce-col-content\" data-vce-element-content=\"true\" data-vce-do-apply=\"padding el-e85c8688\"><div class=\"vce-text-block\"><div class=\"vce-text-block-wrapper vce\" id=\"el-a5336dca\" data-vce-do-apply=\"all el-a5336dca\"><p style=\"text-align: center;\"><span style=\"color: #ff002f;\"><strong><span style=\"font-family: andale mono, monospace; font-style: normal; font-size: 48pt;\">Trauungen<\/span><\/strong><\/span><\/p><\/div><\/div><\/div><\/div><\/div><\/div><\/div><\/div><div class=\"vce-row-container\"><div class=\"vce-row vce-row--col-gap-30 vce-row-columns--top vce-row-content--top\" id=\"el-e8b01ade\" data-vce-do-apply=\"all el-e8b01ade\"><div class=\"vce-row-content\" data-vce-element-content=\"true\"><div class=\"vce-col vce-col--md-49-96p vce-col--xs-1 vce-col--xs-last vce-col--xs-first vce-col--sm-last vce-col--sm-first vce-col--md-first vce-col--lg-first vce-col--xl-first\" id=\"el-b9055d0b\"><div class=\"vce-col-inner\" data-vce-do-apply=\"border margin background  el-b9055d0b\"><div class=\"vce-col-content\" data-vce-element-content=\"true\" data-vce-do-apply=\"padding el-b9055d0b\"><div class=\"vce-single-image-container vce-single-image--align-left\"><div class=\"vce vce-single-image-wrapper\" id=\"el-4e344b6d\" data-vce-do-apply=\"all el-4e344b6d\"><figure><div class=\"vce-single-image-inner vce-single-image--absolute\" style=\"padding-bottom: 66.6016%; width: 1024px;\"><img class=\"vce-single-image\" width=\"1024\" height=\"682\"src=\"https:\/\/www.hitmaschin.at\/wp-content\/uploads\/2023\/04\/Hochzeit_Julia_Benedikt_09072021_3-1024x682.jpg\" srcset=\"https:\/\/www.hitmaschin.at\/wp-content\/uploads\/2023\/04\/Hochzeit_Julia_Benedikt_09072021_3-320x213.jpg 320w,https:\/\/www.hitmaschin.at\/wp-content\/uploads\/2023\/04\/Hochzeit_Julia_Benedikt_09072021_3-480x320.jpg 480w,https:\/\/www.hitmaschin.at\/wp-content\/uploads\/2023\/04\/Hochzeit_Julia_Benedikt_09072021_3-800x533.jpg 800w,https:\/\/www.hitmaschin.at\/wp-content\/uploads\/2023\/04\/Hochzeit_Julia_Benedikt_09072021_3-1024x682.jpg 1024w\" data-img-src=\"https:\/\/www.hitmaschin.at\/wp-content\/uploads\/2021\/11\/Hochzeit_Julia_Benedikt_09072021_3.jpg\" alt=\"\" title=\"Hochzeit_Julia_Benedikt_09072021_3\"\/><\/div><\/figure><\/div><\/div><div class=\"vce-text-block\"><div class=\"vce-text-block-wrapper vce\" id=\"el-71d2edc0\" data-vce-do-apply=\"all el-71d2edc0\"><p><span style=\"font-size: 18pt;\"><strong>hier ein paar kurze Demovideos:<\/strong><\/span><\/p><\/div><\/div><\/div><\/div><\/div><div class=\"vce-col vce-col--md-50-03p vce-col--xs-1 vce-col--xs-last vce-col--xs-first vce-col--sm-last vce-col--sm-first vce-col--md-last vce-col--lg-last vce-col--xl-last\" id=\"el-d4b3fd62\"><div class=\"vce-col-inner\" data-vce-do-apply=\"border margin background  el-d4b3fd62\"><div class=\"vce-col-content\" data-vce-element-content=\"true\" data-vce-do-apply=\"padding el-d4b3fd62\"><div class=\"vce-text-block\"><div class=\"vce-text-block-wrapper vce\" id=\"el-3d97ab6a\" data-vce-do-apply=\"all el-3d97ab6a\"><p>Egal ob Kirche, Standesamt, Weingarten oder Seepromenade mit <a href=\"https:\/\/www.youtube.com\/watch?v=FkSw2ifRTnA\"><strong>Hochzeitss\u00e4ngerin<\/strong><\/a> und <a href=\"https:\/\/www.youtube.com\/watch?v=FkSw2ifRTnA\"><strong>Hochzeitss\u00e4nger<\/strong><\/a>, also zweistimmigem Gesang und Akustikgitarre umrahmen wir auch Trauungen. Unser <a href=\"https:\/\/www.hitmaschin.at\/?page_id=499\">Programm<\/a> enth\u00e4lt viele Klassiker, die sich immer wieder bew\u00e4hren aber auch moderne St\u00fccke sind selbstverst\u00e4ndlich enthalten. Auf Wunsch k\u00f6nnen wir nat\u00fcrlich auch neue Wunschtitel einstudieren um emotionale G\u00e4nsehautmomente zu erm\u00f6glichen.<\/p><\/div><\/div><\/div><\/div><\/div><\/div><\/div><\/div><div class=\"vce-row-container\"><div class=\"vce-row vce-row--col-gap-30 vce-row-columns--top vce-row-content--top\" id=\"el-cb864ea8\" data-vce-do-apply=\"all el-cb864ea8\"><div class=\"vce-row-content\" data-vce-element-content=\"true\"><div class=\"vce-col vce-col--md-auto vce-col--xs-1 vce-col--xs-last vce-col--xs-first vce-col--sm-last vce-col--sm-first vce-col--md-first vce-col--lg-first vce-col--xl-first\" id=\"el-2e0608d1\"><div class=\"vce-col-inner\" data-vce-do-apply=\"border margin background  el-2e0608d1\"><div class=\"vce-col-content\" data-vce-element-content=\"true\" data-vce-do-apply=\"padding el-2e0608d1\"><div class=\"vce-text-block\"><div class=\"vce-text-block-wrapper vce\" id=\"el-e39e2457\" data-vce-do-apply=\"all el-e39e2457\"><p><div class=\"epyt-video-wrapper\"><iframe  id=\"_ytid_71373\"  width=\"812\" height=\"457\"  data-origwidth=\"812\" data-origheight=\"457\" src=\"https:\/\/www.youtube.com\/embed\/AmVg48DUI1Y\">https:\/\/www.youtube.com\/watch?enablejsapi=1&autoplay=0&cc_load_policy=0&cc_lang_pref=&iv_load_policy=1&loop=0&rel=1&fs=1&playsinline=0&autohide=2&theme=dark&color=red&controls=1&disablekb=0&\" class=\"__youtube_prefs__  no-lazyload\" title=\"YouTube player\"  allow=\"fullscreen; accelerometer; autoplay; clipboard-write; encrypted-media; gyroscope; picture-in-picture; web-share\" referrerpolicy=\"strict-origin-when-cross-origin\" allowfullscreen data-no-lazy=\"1\" data-skipgform_ajax_framebjll=\"\"><\/iframe><\/div><\/a><\/p><\/div><\/div><div class=\"vce-text-block\"><div class=\"vce-text-block-wrapper vce\" id=\"el-93a91bcd\" data-vce-do-apply=\"all el-93a91bcd\"><p><div class=\"epyt-video-wrapper\"><iframe  id=\"_ytid_67639\"  width=\"812\" height=\"457\"  data-origwidth=\"812\" data-origheight=\"457\" src=\"https:\/\/www.youtube.com\/embed\/sUBLdShZCxw\">https:\/\/www.youtube.com\/watch?enablejsapi=1&autoplay=0&cc_load_policy=0&cc_lang_pref=&iv_load_policy=1&loop=0&rel=1&fs=1&playsinline=0&autohide=2&theme=dark&color=red&controls=1&disablekb=0&\" class=\"__youtube_prefs__  no-lazyload\" title=\"YouTube player\"  allow=\"fullscreen; accelerometer; autoplay; clipboard-write; encrypted-media; gyroscope; picture-in-picture; web-share\" referrerpolicy=\"strict-origin-when-cross-origin\" allowfullscreen data-no-lazy=\"1\" data-skipgform_ajax_framebjll=\"\"><\/iframe><\/div><\/a><\/p><\/div><\/div><div class=\"vce-text-block\"><div class=\"vce-text-block-wrapper vce\" id=\"el-25ec8dd5\" data-vce-do-apply=\"all el-25ec8dd5\"><p><div class=\"epyt-video-wrapper\"><iframe  id=\"_ytid_54873\"  width=\"812\" height=\"457\"  data-origwidth=\"812\" data-origheight=\"457\" src=\"https:\/\/www.youtube.com\/embed\/FkSw2ifRTnA?enablejsapi=1&autoplay=0&cc_load_policy=0&cc_lang_pref=&iv_load_policy=1&loop=0&rel=1&fs=1&playsinline=0&autohide=2&theme=dark&color=red&controls=1&disablekb=0&\" class=\"__youtube_prefs__  no-lazyload\" title=\"YouTube player\"  allow=\"fullscreen; accelerometer; autoplay; clipboard-write; encrypted-media; gyroscope; picture-in-picture; web-share\" referrerpolicy=\"strict-origin-when-cross-origin\" allowfullscreen data-no-lazy=\"1\" data-skipgform_ajax_framebjll=\"\"><\/iframe><\/div><\/p><\/div><\/div><\/div><\/div><\/div><div class=\"vce-col vce-col--md-auto vce-col--xs-1 vce-col--xs-last vce-col--xs-first vce-col--sm-last vce-col--sm-first vce-col--md-last vce-col--lg-last vce-col--xl-last\" id=\"el-01a8d74c\"><div class=\"vce-col-inner\" data-vce-do-apply=\"border margin background  el-01a8d74c\"><div class=\"vce-col-content\" data-vce-element-content=\"true\" data-vce-do-apply=\"padding el-01a8d74c\"><div class=\"vce-text-block\"><div class=\"vce-text-block-wrapper vce\" id=\"el-2811777e\" data-vce-do-apply=\"all el-2811777e\"><p><div class=\"epyt-video-wrapper\"><iframe  id=\"_ytid_60134\"  width=\"812\" height=\"457\"  data-origwidth=\"812\" data-origheight=\"457\" src=\"https:\/\/www.youtube.com\/embed\/nEGCIZfaI_I\">https:\/\/www.youtube.com\/watch?enablejsapi=1&autoplay=0&cc_load_policy=0&cc_lang_pref=&iv_load_policy=1&loop=0&rel=1&fs=1&playsinline=0&autohide=2&theme=dark&color=red&controls=1&disablekb=0&\" class=\"__youtube_prefs__  no-lazyload\" title=\"YouTube player\"  allow=\"fullscreen; accelerometer; autoplay; clipboard-write; encrypted-media; gyroscope; picture-in-picture; web-share\" referrerpolicy=\"strict-origin-when-cross-origin\" allowfullscreen data-no-lazy=\"1\" data-skipgform_ajax_framebjll=\"\"><\/iframe><\/div><\/a><\/p><\/div><\/div><div class=\"vce-text-block\"><div class=\"vce-text-block-wrapper vce\" id=\"el-713f8743\" data-vce-do-apply=\"all el-713f8743\"><p><div class=\"epyt-video-wrapper\"><iframe  id=\"_ytid_38036\"  width=\"812\" height=\"457\"  data-origwidth=\"812\" data-origheight=\"457\" src=\"https:\/\/www.youtube.com\/embed\/M5XYhz0s7N0\">https:\/\/www.youtube.com\/watch?enablejsapi=1&autoplay=0&cc_load_policy=0&cc_lang_pref=&iv_load_policy=1&loop=0&rel=1&fs=1&playsinline=0&autohide=2&theme=dark&color=red&controls=1&disablekb=0&\" class=\"__youtube_prefs__  no-lazyload\" title=\"YouTube player\"  allow=\"fullscreen; accelerometer; autoplay; clipboard-write; encrypted-media; gyroscope; picture-in-picture; web-share\" referrerpolicy=\"strict-origin-when-cross-origin\" allowfullscreen data-no-lazy=\"1\" data-skipgform_ajax_framebjll=\"\"><\/iframe><\/div><\/a><\/p><\/div><\/div><\/div><\/div><\/div><\/div><\/div><\/div><div class=\"vce-row-container\"><div class=\"vce-row vce-row--col-gap-30 vce-row-columns--top vce-row-content--top\" id=\"el-2c07beb0\" data-vce-do-apply=\"all el-2c07beb0\"><div class=\"vce-row-content\" data-vce-element-content=\"true\"><div class=\"vce-col vce-col--md-auto vce-col--xs-1 vce-col--xs-last vce-col--xs-first vce-col--sm-last vce-col--sm-first vce-col--md-last vce-col--lg-last vce-col--xl-last vce-col--md-first vce-col--lg-first vce-col--xl-first\" id=\"el-d2538020\"><div class=\"vce-col-inner\" data-vce-do-apply=\"border margin background  el-d2538020\"><div class=\"vce-col-content\" data-vce-element-content=\"true\" data-vce-do-apply=\"padding el-d2538020\"><div class=\"vce-button--style-basic-container vce-button--style-basic-container--align-center\"><span class=\"vce-button--style-basic-wrapper vce\" id=\"el-c0f1180a\" data-vce-do-apply=\"margin el-c0f1180a\"><a class=\"vce-button--style-basic vce-button--style-basic--border-round vce-button--style-basic--size-large vce-button--style-basic--color-ba-225-22-18-0-8--fff\" href=\"http:\/\/www.hitmaschin.at\/?page_id=88\" title=\"\" data-vce-do-apply=\"padding border background  el-c0f1180a\">Jetzt unverbindlich anfragen<\/a><\/span><\/div><\/div><\/div><\/div><\/div><\/div><\/div>\n","protected":false},"excerpt":{"rendered":"<p>Trauungenhier ein paar kurze Demovideos:Egal ob Kirche, Standesamt, Weingarten oder Seepromenade mit Hochzeitss\u00e4ngerin und Hochzeitss\u00e4nger, also zweistimmigem Gesang und Akustikgitarre umrahmen wir auch Trauungen. Unser Programm enth\u00e4lt viele Klassiker, die sich immer wieder bew\u00e4hren aber auch moderne St\u00fccke sind selbstverst\u00e4ndlich enthalten. Auf Wunsch k\u00f6nnen wir nat\u00fcrlich auch neue Wunschtitel einstudieren um emotionale G\u00e4nsehautmomente zu erm\u00f6glichen.Jetzt [&hellip;]<\/p>\n","protected":false},"author":1,"featured_media":0,"parent":0,"menu_order":0,"comment_status":"closed","ping_status":"closed","template":"","meta":{"_crdt_document":"","ngg_post_thumbnail":0,"footnotes":""},"class_list":["post-571","page","type-page","status-publish","hentry"],"_links":{"self":[{"href":"https:\/\/www.hitmaschin.at\/index.php?rest_route=\/wp\/v2\/pages\/571","targetHints":{"allow":["GET"]}}],"collection":[{"href":"https:\/\/www.hitmaschin.at\/index.php?rest_route=\/wp\/v2\/pages"}],"about":[{"href":"https:\/\/www.hitmaschin.at\/index.php?rest_route=\/wp\/v2\/types\/page"}],"author":[{"embeddable":true,"href":"https:\/\/www.hitmaschin.at\/index.php?rest_route=\/wp\/v2\/users\/1"}],"replies":[{"embeddable":true,"href":"https:\/\/www.hitmaschin.at\/index.php?rest_route=%2Fwp%2Fv2%2Fcomments&post=571"}],"version-history":[{"count":41,"href":"https:\/\/www.hitmaschin.at\/index.php?rest_route=\/wp\/v2\/pages\/571\/revisions"}],"predecessor-version":[{"id":858,"href":"https:\/\/www.hitmaschin.at\/index.php?rest_route=\/wp\/v2\/pages\/571\/revisions\/858"}],"wp:attachment":[{"href":"https:\/\/www.hitmaschin.at\/index.php?rest_route=%2Fwp%2Fv2%2Fmedia&parent=571"}],"curies":[{"name":"wp","href":"https:\/\/api.w.org\/{rel}","templated":true}]}}